{"id":1808,"date":"2022-01-28T12:47:04","date_gmt":"2022-01-28T12:47:04","guid":{"rendered":"https:\/\/ciclo-news.com\/?page_id=1808"},"modified":"2022-01-28T12:47:04","modified_gmt":"2022-01-28T12:47:04","slug":"politica-de-cookies","status":"publish","type":"page","link":"https:\/\/ciclo-news.com\/br\/politica-de-cookies\/","title":{"rendered":"Pol\u00edtica de Cookies"},"content":{"rendered":"<p>En la web <a title=\"https:\/\/ciclo-news.com\/\" href=\"https:\/\/ciclo-news.com\/\" target=\"_blank\" rel=\"noopener\"><strong>https:\/\/ciclo-news.com\/<\/strong><\/a>&nbsp;usamos cookies con el prop\u00f3sito de que tu experiencia de navegaci\u00f3n por nuestra web sea m\u00e1s \u00fatil y sencilla. A continuaci\u00f3n, para tu informaci\u00f3n y seguridad, te explicamos qu\u00e9 son la cookies, para que sirven, qu\u00e9 tipos de cookies utilizamos en nuestra p\u00e1gina y con qu\u00e9 finalidad, para que puedas navegar con toda tranquilidad y, si lo deseas, configurarlas o deshabilitarlas seg\u00fan tus preferencias.<\/p>\n<h3>Qu\u00e9 son las Cookies<\/h3>\n<p>Una cookie es un tipo de archivo que se descarga en el equipo terminal de un usuario con la finalidad de almacenar datos que podr\u00e1n ser actualizados y recuperados por la entidad responsable de su instalaci\u00f3n.<\/p>\n<p>Hoy en d\u00eda la mayor\u00eda de los sitios web, incluido <a title=\"https:\/\/ciclo-news.com\/\" href=\"https:\/\/ciclo-news.com\/\" target=\"_blank\" rel=\"noopener\"><strong>https:\/\/ciclo-news.com\/<\/strong><\/a>, utilizan cookies para mejorar la calidad de la navegaci\u00f3n y permitir el funcionamiento de la web de un modo \u00fatil y l\u00f3gico por parte del usuario (por ejemplo, usamos cookies para mantener los productos que vas a\u00f1adiendo al carrito seg\u00fan vas navegando por las p\u00e1ginas). Tambi\u00e9n pueden usarse para recoger informaci\u00f3n estad\u00edstica sobre el uso que los usuarios hacen de la web, con el objeto de mejorarla y hacerla m\u00e1s \u00fatil para ti.<\/p>\n<h2>Qu\u00e9 tipo de Cookies existen<\/h2>\n<p>Seg\u00fan quien sea la entidad que gestiona las cookies podemos distinguir:<\/p>\n<ul>\n<li><strong>Cookies propias<\/strong>: Son aqu\u00e9llas que se env\u00edan al equipo terminal del usuario desde un equipo o dominio gestionado por el propio editor y desde el que se presta el servicio solicitado por el usuario.<\/li>\n<li><strong>&nbsp;Cookies de tercero<\/strong>: Son aqu\u00e9llas que se env\u00edan al equipo terminal del usuario desde un equipo o dominio que no es gestionado por el editor, sino por otra entidad que trata los datos obtenidos trav\u00e9s de las cookies.<\/li>\n<\/ul>\n<p>Seg\u00fan el tiempo que la cookie permanece activa en el equipo terminal tendremos:<\/p>\n<ul>\n<li><strong>Cookies de sesi\u00f3n<\/strong>: Permiten a recabar y almacenar datos mientras el usuario accede a una p\u00e1gina web. Sirven para almacenar informaci\u00f3n que solo interesa conservar para la prestaci\u00f3n del servicio durante la sesi\u00f3n actual del usuario.<\/li>\n<li><strong>Cookies persistentes<\/strong>: En este caso los datos siguen almacenados en el terminal y pueden ser accedidos y tratados durante un periodo definido por el responsable de la cookie.<\/li>\n<\/ul>\n<p>Por \u00faltimo, seg\u00fan su finalidad podremos distinguir:<\/p>\n<ul>\n<li><strong>Cookies t\u00e9cnicas<\/strong>: Permiten la navegaci\u00f3n a trav\u00e9s de una p\u00e1gina web y la utilizaci\u00f3n de las diferentes opciones o servicios que en ella existan como, por ejemplo, identificar la sesi\u00f3n, recordar los elementos que integran un pedido, realizar el proceso de compra de un pedido, realizar la solicitud de inscripci\u00f3n, utilizar elementos de seguridad durante la navegaci\u00f3n o compartir contenidos a trav\u00e9s de redes sociales.<\/li>\n<li><strong>Cookies de personalizaci\u00f3n<\/strong>: Permiten al usuario acceder al servicio con algunas personalizaciones, como por ejemplo serian el idioma o el tipo de navegador a trav\u00e9s del cual accede al servicio.<\/li>\n<li><strong>Cookies de an\u00e1lisis<\/strong>: Permiten el seguimiento y an\u00e1lisis del comportamiento de los usuarios de los sitios web. La informaci\u00f3n recogida mediante este tipo de cookies se utilizan con el fin de introducir mejoras en funci\u00f3n del an\u00e1lisis de los datos de uso que hacen los usuarios del servicio.<\/li>\n<li><strong>Cookies publicitarias<\/strong>: Permiten la gesti\u00f3n de los espacios publicitarios que, en su caso, el editor haya incluido en una p\u00e1gina web.<\/li>\n<li><strong>Cookies de publicidad comportamental<\/strong>: Permiten la gesti\u00f3n de los espacios publicitarios almacenando informaci\u00f3n del comportamiento de los usuarios obtenida a trav\u00e9s de la observaci\u00f3n continuada de sus h\u00e1bitos de navegaci\u00f3n, lo que permite desarrollar un perfil espec\u00edfico para mostrar publicidad en funci\u00f3n del mismo.<\/li>\n<\/ul>\n<h3>Qu\u00e9 Cookies utiliza Ciclo News<\/h3>\n<p>A continuaci\u00f3n te explicamos qu\u00e9 tipo de cookies utilizamos en nuestra web y con qu\u00e9 finalidad:<\/p>\n<ul>\n<li><strong>Cookies estrictamente necesarias<\/strong><\/li>\n<\/ul>\n<p>Son cookies t\u00e9cnicas y de personalizaci\u00f3n que son imprescindibles para la navegaci\u00f3n por la p\u00e1gina web, facilitando al usuario el uso de prestaciones o herramientas como, por ejemplo, identificar una sesi\u00f3n, acceder a contenidos restringidos, recordar el contenido del carrito, realizar el proceso de compra o la configuraci\u00f3n del usuario relativa al idioma. Sin estas cookies muchas de estas funcionalidades quedar\u00edan deshabilitadas.<\/p>\n<ul>\n<li><strong>Cookies de an\u00e1lisis<\/strong><\/li>\n<\/ul>\n<p>En este caso utilizamos cookies de terceros, siendo en este caso las proporcionadas por Google Analytics, un servicio anal\u00edtico de tr\u00e1fico web prestado por Google, Inc.<\/p>\n<p>Google Analytics utiliza cookies para facilitar el an\u00e1lisis del uso que hacen los usuarios del sitio web. Para m\u00e1s informaci\u00f3n puedes visitar el sitio de&nbsp;<strong><a href=\"https:\/\/marketingplatform.google.com\/about\/analytics\/\" target=\"_blank\" rel=\"noreferrer noopener nofollow\" aria-label=\" (opens in a new tab)\">Google Analytics<\/a><\/strong><\/p>\n<h3>C\u00f3mo puedes gestionar o desativar tus Cookies<\/h3>\n<p>A trav\u00e9s de las opciones de tu navegador puedes permitir o bloquear las cookies que se instalar\u00e1n en tu equipo, o incluso eliminar las cookies ya instaladas.<\/p>\n<p>En caso de bloquear las cookies de <a title=\"https:\/\/ciclo-news.com\/\" href=\"https:\/\/ciclo-news.com\/\" target=\"_blank\" rel=\"noopener\"><strong>https:\/\/ciclo-news.com\/<\/strong><\/a>&nbsp;en tu equipo, es posible que no puedas acceder a algunos servicios o que tu experiencia de navegaci\u00f3n no sea adecuada.<\/p>\n<p>A continuaci\u00f3n te facilitamos enlaces con la informaci\u00f3n sobre como gestionar las cookies en los navegadores m\u00e1s utilizados:<\/p>\n<ul>\n<li><strong><a href=\"https:\/\/support.microsoft.com\/es-es\/help\/17442\/windows-internet-explorer-delete-manage-cookies\" target=\"_blank\" rel=\"noreferrer noopener nofollow\" aria-label=\"Internet Explorer (opens in a new tab)\">Internet Explorer<\/a><\/strong><\/li>\n<li><strong><a href=\"https:\/\/support.google.com\/chrome\/answer\/95647?hl=es\" target=\"_blank\" rel=\"noreferrer noopener nofollow\" aria-label=\" (opens in a new tab)\">Google Chrome<\/a><\/strong><\/li>\n<li><strong><a href=\"https:\/\/support.mozilla.org\/es\/kb\/habilitar-y-deshabilitar-cookies-sitios-web-rastrear-preferencias\" target=\"_blank\" rel=\"noreferrer noopener nofollow\" aria-label=\" (opens in a new tab)\">Mozilla Firefox<\/a><\/strong><\/li>\n<li><strong><a href=\"https:\/\/support.apple.com\/es-es\/guide\/safari\/sfri11471\/mac\" target=\"_blank\" rel=\"noreferrer noopener nofollow\" aria-label=\" (opens in a new tab)\">Safari<\/a><\/strong><\/li>\n<li><strong><a href=\"https:\/\/support.google.com\/chrome\/answer\/114662?hl=es\" target=\"_blank\" rel=\"noreferrer noopener nofollow\" aria-label=\" (opens in a new tab)\">Chrome para Android<\/a><\/strong><\/li>\n<\/ul>\n<p>En la web <a title=\"https:\/\/ciclo-news.com\/\" href=\"https:\/\/ciclo-news.com\/\" target=\"_blank\" rel=\"noopener\"><strong>https:\/\/ciclo-news.com\/<\/strong><\/a>&nbsp;nos preocupamos por tu seguridad y no almacenamos ning\u00fan dato de nuestros usuarios , a no ser que se hayan registrado de forma voluntaria con el fin de realizar compras de los productos y acceder a los servicios que ponemos a tu disposici\u00f3n o de recibir informaci\u00f3n sobre promociones y contenidos de tu inter\u00e9s.<\/p>\n<p>Al navegar y continuar en nuestra web nos indicas que est\u00e1s consintiendo el uso de las cookies antes enunciadas, y en las condiciones contenidas en la presente&nbsp;<strong>Pol\u00edtica de Cookies<\/strong>.<\/p>\n","protected":false},"excerpt":{"rendered":"<p>En la web https:\/\/ciclo-news.com\/&nbsp;usamos cookies con el prop\u00f3sito de que tu experiencia de navegaci\u00f3n por nuestra web sea m\u00e1s \u00fatil y sencilla. A continuaci\u00f3n, para tu informaci\u00f3n y seguridad, te explicamos qu\u00e9 son la cookies, para que sirven, qu\u00e9 tipos de cookies utilizamos en nuestra p\u00e1gina y con qu\u00e9 finalidad, para que puedas navegar con [&hellip;]<\/p>\n","protected":false},"author":1,"featured_media":0,"parent":0,"menu_order":0,"comment_status":"closed","ping_status":"closed","template":"","meta":{"rop_custom_images_group":[],"rop_custom_messages_group":[],"rop_publish_now":"initial","rop_publish_now_accounts":{"twitter_2962033655_2962033655":""},"rop_publish_now_history":[],"rop_publish_now_status":"pending","_trash_the_other_posts":false,"editor_notices":[],"footnotes":""},"class_list":["post-1808","page","type-page","status-publish","hentry"],"blocksy_meta":[],"_links":{"self":[{"href":"https:\/\/ciclo-news.com\/br\/wp-json\/wp\/v2\/pages\/1808","targetHints":{"allow":["GET"]}}],"collection":[{"href":"https:\/\/ciclo-news.com\/br\/wp-json\/wp\/v2\/pages"}],"about":[{"href":"https:\/\/ciclo-news.com\/br\/wp-json\/wp\/v2\/types\/page"}],"author":[{"embeddable":true,"href":"https:\/\/ciclo-news.com\/br\/wp-json\/wp\/v2\/users\/1"}],"replies":[{"embeddable":true,"href":"https:\/\/ciclo-news.com\/br\/wp-json\/wp\/v2\/comments?post=1808"}],"version-history":[{"count":1,"href":"https:\/\/ciclo-news.com\/br\/wp-json\/wp\/v2\/pages\/1808\/revisions"}],"predecessor-version":[{"id":19552,"href":"https:\/\/ciclo-news.com\/br\/wp-json\/wp\/v2\/pages\/1808\/revisions\/19552"}],"wp:attachment":[{"href":"https:\/\/ciclo-news.com\/br\/wp-json\/wp\/v2\/media?parent=1808"}],"curies":[{"name":"wp","href":"https:\/\/api.w.org\/{rel}","templated":true}]}}